{"id":16,"date":"2024-12-02T11:49:36","date_gmt":"2024-12-02T10:49:36","guid":{"rendered":"https:\/\/getbacktoyourself.com\/index.php\/front_page\/"},"modified":"2025-02-17T21:29:08","modified_gmt":"2025-02-17T20:29:08","slug":"front_page","status":"publish","type":"page","link":"https:\/\/getbacktoyourself.com\/","title":{"rendered":"Envie d&rsquo;une pause"},"content":{"rendered":"\n<figure class=\"wp-block-image\"><img decoding=\"async\" src=\"https:\/\/fonts.gstatic.com\/s\/e\/notoemoji\/16.0\/1fab7\/72.png\" alt=\"\ud83e\udeb7\"\/><\/figure>\n\n\n\n<p>Ferme les yeux 10 secondes,<\/p>\n\n\n\n<p>prend une bonne respiration <\/p>\n\n\n\n<p>et rouvre les yeux&#8230;<\/p>\n\n\n\n<p>Voici quelques id\u00e9es pour la suite de ta pause :<\/p>\n\n\n\n<ul class=\"wp-block-list\">\n<li><strong>Lecture<\/strong>: Plonge-toi dans un livre captivant ou un article int\u00e9ressant.<\/li>\n\n\n\n<li><strong>Musique<\/strong>: \u00c9coute tes morceaux pr\u00e9f\u00e9r\u00e9s ou d\u00e9couvre de nouveaux artistes.<\/li>\n\n\n\n<li><strong>Relaxation<\/strong>: Ferme les yeux et concentre-toi sur ta respiration. Tu peux aussi essayer une courte s\u00e9ance de m\u00e9ditation guid\u00e9e.<\/li>\n\n\n\n<li><strong>\u00c9tirements<\/strong>: Prends quelques minutes pour \u00e9tirer ton corps et te d\u00e9tendre.<\/li>\n\n\n\n<li><strong>Marche<\/strong>: Sors faire un petit tour pour te vider la t\u00eate et profiter de l&rsquo;air frais.<\/li>\n\n\n\n<li><strong>Cuisine<\/strong>: Pr\u00e9pare-toi une collation saine et savoureuse.<\/li>\n\n\n\n<li><strong>Cr\u00e9ativit\u00e9<\/strong>: Laisse libre cours \u00e0 ton imagination en dessinant, en \u00e9crivant ou en faisant du coloriage.<\/li>\n\n\n\n<li><strong>Jeux<\/strong>: Amuse-toi avec un jeu de soci\u00e9t\u00e9, un jeu vid\u00e9o ou un puzzle.<\/li>\n\n\n\n<li><strong>Appel<\/strong>: Prends le temps d&rsquo;appeler un ami ou un membre de ta famille.<\/li>\n\n\n\n<li><strong>Nature<\/strong>: Observe les plantes, les animaux ou le ciel.<\/li>\n\n\n\n<li><strong>Planification<\/strong>: Organise ta prochaine semaine ou tes prochaines vacances.<\/li>\n\n\n\n<li><strong>R\u00eaverie<\/strong>: Laisse ton esprit vagabonder et imagine ton avenir.<\/li>\n<\/ul>\n\n\n\n<p>J&rsquo;esp\u00e8re que ces suggestions t&rsquo;aideront \u00e0 profiter pleinement de ta pause ! \ud83d\ude0a<\/p>\n\n\n\n<p><\/p>\n\n\n\n<p>Id\u00e9es pour un meilleur quotidien :<\/p>\n\n\n\n<ul class=\"wp-block-list\">\n<li><strong>La lettre de motivation une fois par jour<\/strong> : <a href=\"https:\/\/getbacktoyourself.com\/index.php\/citation-motivante\/\">citation motivante<\/a><\/li>\n\n\n\n<li><strong>Les blagues qui mettent en joie<\/strong> : <a href=\"https:\/\/getbacktoyourself.com\/index.php\/blagues\/\" data-type=\"link\" data-id=\"https:\/\/getbacktoyourself.com\/index.php\/blagues\/\">blague<\/a><\/li>\n\n\n\n<li><strong>Les id\u00e9es de partage<\/strong> : <a href=\"https:\/\/getbacktoyourself.com\/index.php\/formulaire\/\" data-type=\"link\" data-id=\"https:\/\/getbacktoyourself.com\/index.php\/formulaire\/\">formulaire<\/a><\/li>\n<\/ul>\n\n\n\n<figure class=\"wp-block-image\"><img decoding=\"async\" src=\"https:\/\/fonts.gstatic.com\/s\/e\/notoemoji\/16.0\/1fab7\/72.png\" alt=\"\ud83e\udeb7\"\/><\/figure>\n","protected":false},"excerpt":{"rendered":"<p>Ferme les yeux 10 secondes, prend une bonne respiration et rouvre les yeux&#8230; Voici quelques id\u00e9es pour la suite de ta pause : J&rsquo;esp\u00e8re que ces suggestions t&rsquo;aideront \u00e0 profiter pleinement de ta pause ! \ud83d\ude0a Id\u00e9es pour un meilleur quotidien :<\/p>\n","protected":false},"author":1,"featured_media":0,"parent":0,"menu_order":0,"comment_status":"closed","ping_status":"closed","template":"","meta":{"footnotes":""},"class_list":["post-16","page","type-page","status-publish","hentry"],"_links":{"self":[{"href":"https:\/\/getbacktoyourself.com\/index.php\/wp-json\/wp\/v2\/pages\/16","targetHints":{"allow":["GET"]}}],"collection":[{"href":"https:\/\/getbacktoyourself.com\/index.php\/wp-json\/wp\/v2\/pages"}],"about":[{"href":"https:\/\/getbacktoyourself.com\/index.php\/wp-json\/wp\/v2\/types\/page"}],"author":[{"embeddable":true,"href":"https:\/\/getbacktoyourself.com\/index.php\/wp-json\/wp\/v2\/users\/1"}],"replies":[{"embeddable":true,"href":"https:\/\/getbacktoyourself.com\/index.php\/wp-json\/wp\/v2\/comments?post=16"}],"version-history":[{"count":9,"href":"https:\/\/getbacktoyourself.com\/index.php\/wp-json\/wp\/v2\/pages\/16\/revisions"}],"predecessor-version":[{"id":64,"href":"https:\/\/getbacktoyourself.com\/index.php\/wp-json\/wp\/v2\/pages\/16\/revisions\/64"}],"wp:attachment":[{"href":"https:\/\/getbacktoyourself.com\/index.php\/wp-json\/wp\/v2\/media?parent=16"}],"curies":[{"name":"wp","href":"https:\/\/api.w.org\/{rel}","templated":true}]}}