{"id":54,"date":"2025-02-17T21:14:31","date_gmt":"2025-02-17T20:14:31","guid":{"rendered":"https:\/\/getbacktoyourself.com\/?page_id=54"},"modified":"2025-02-17T21:16:08","modified_gmt":"2025-02-17T20:16:08","slug":"blagues","status":"publish","type":"page","link":"https:\/\/getbacktoyourself.com\/index.php\/blagues\/","title":{"rendered":"Blagounette"},"content":{"rendered":"\n<figure class=\"wp-block-table\"><table class=\"has-fixed-layout\"><tbody><tr><td>Qu&rsquo;est-ce qui est jaune et qui attend ? Jonathan.<\/td><\/tr><tr><td>Pourquoi les plongeurs plongent-ils toujours en arri\u00e8re et jamais en avant ? Parce que sinon ils tomberaient dans le bateau.<\/td><\/tr><tr><td>Quelle est la diff\u00e9rence entre un jardinier et un magicien ? Le magicien tire un lapin de son chapeau, le jardinier sort un navet de son jardin.<\/td><\/tr><tr><td>Que dit une imprimante \u00e0 une autre ? Cette feuille est pour toi !<\/td><\/tr><tr><td>Qu&rsquo;est-ce qu&rsquo;un canard boiteux ? Un canard qui a un probl\u00e8me de cancan.<\/td><\/tr><tr><td>Deux \u0153ufs discutent : &#8211; Eh, tu es f\u00eal\u00e9 ? &#8211; Non, je suis dur d&rsquo;oreille !<\/td><\/tr><tr><td>Pourquoi les mouettes volent-elles au-dessus de la mer ? Parce que c&rsquo;est trop long \u00e0 pied.<\/td><\/tr><tr><td>Qu&rsquo;est-ce qui est vert et qui se d\u00e9place sous l&rsquo;eau ? Un chou marin.<\/td><\/tr><tr><td>Quel est le comble pour un \u00e9lectricien ? De ne pas avoir de courant.<\/td><\/tr><tr><td>Qu&rsquo;est-ce qu&rsquo;un chalumeau qui fait de la musique ? Un trombonne \u00e0 coulisse.<\/td><\/tr><tr><td>Pourquoi les poissons vivent-ils dans l&rsquo;eau sal\u00e9e ? Parce que l&rsquo;eau poivr\u00e9e les fait \u00e9ternuer.<\/td><\/tr><tr><td>Que dit un oignon quand il se cogne ? A\u00efe !<\/td><\/tr><tr><td>Quel est le comble pour un jardinier ? D&rsquo;avoir un enfant qui ne tient pas en place.<\/td><\/tr><tr><td>Qu&rsquo;est-ce qui est rouge et qui badine ? Un rouge-gorge.<\/td><\/tr><tr><td>Quel est le fruit pr\u00e9f\u00e9r\u00e9 des militaires ? La grenade.<\/td><\/tr><tr><td>Qu&rsquo;est-ce qui est vert et qui court vite ? Une salade press\u00e9e.<\/td><\/tr><tr><td>Quel est le l\u00e9gume qui a le plus de muscles ? Les poids chiches.<\/td><\/tr><tr><td>Qu&rsquo;est-ce qui est jaune et qui court vite ? Un citron press\u00e9.<\/td><\/tr><tr><td>Quel est le comble pour un p\u00e2tissier ? De se faire rouler dans la farine.<\/td><\/tr><tr><td>Qu&rsquo;est-ce qui est blanc et qui attend ? Un patient.<\/td><\/tr><tr><td>Quel est le comble pour un facteur ? De perdre son courrier.<\/td><\/tr><tr><td>Qu&rsquo;est-ce qui est vert et qui attend ? Un poireau patient.<\/td><\/tr><tr><td>Quel est le comble pour un coiffeur ? De rater sa coupe.<\/td><\/tr><tr><td>Qu&rsquo;est-ce qui est rouge et qui monte et qui descend ? Une tomate dans un ascenseur.<\/td><\/tr><tr><td>Quel est le comble pour un pompier ? D&rsquo;avoir le feu au lac.<\/td><\/tr><tr><td>Qu&rsquo;est-ce qui est jaune et qui fait \u00ab\u00a0pouet pouet\u00a0\u00bb ? Un poussin canari.<\/td><\/tr><tr><td>Quel est le comble pour un musicien ? De se faire siffler.<\/td><\/tr><tr><td>Qu&rsquo;est-ce qui est vert et qui se cache ? Un chou ninja.<\/td><\/tr><tr><td>Quel est le comble pour un boulanger ? De ne pas avoir de pain sur la planche.<\/td><\/tr><tr><td>Qu&rsquo;est-ce qui est rouge et qui se prom\u00e8ne dans le d\u00e9sert ? Un cactus qui a soif.<\/td><\/tr><tr><td>Quel est le comble pour un astronaute ? De se sentir seul au monde.<\/td><\/tr><tr><td>Qu&rsquo;est-ce qui est jaune et qui tombe du ciel ? Un citron en parachute.<\/td><\/tr><tr><td>Quel est le comble pour un professeur ? De donner des cours particuliers.<\/td><\/tr><tr><td>Qu&rsquo;est-ce qui est vert et qui fait peur ? Un crocodile qui se cache dans l&rsquo;herbe.<\/td><\/tr><tr><td>Quel est le comble pour un dentiste ? De se faire arracher une dent.<\/td><\/tr><tr><td>Qu&rsquo;est-ce qui est jaune et qui nage dans la mer ? Un poisson citron.<\/td><\/tr><tr><td>Quel est le comble pour un v\u00e9t\u00e9rinaire ? De soigner un animal en peluche.<\/td><\/tr><tr><td>Qu&rsquo;est-ce qui est vert et qui vole ? Un haricot magique.<\/td><\/tr><tr><td>Quel est le comble pour un cuisinier ? De ne pas avoir d&rsquo;app\u00e9tit.<\/td><\/tr><tr><td>Qu&rsquo;est-ce qui est rouge et qui se cache dans le frigo ? Une tomate qui a froid.<\/td><\/tr><tr><td>Quel est le comble pour un pilote d&rsquo;avion ? D&rsquo;avoir peur du vide.<\/td><\/tr><tr><td>Qu&rsquo;est-ce qui est jaune et qui se prom\u00e8ne dans la for\u00eat ? Un citron perdu.<\/td><\/tr><tr><td>Quel est le comble pour un m\u00e9decin ? De tomber malade.<\/td><\/tr><tr><td>Qu&rsquo;est-ce qui est vert et qui fait du bruit ? Un poivron qui joue de la trompette.<\/td><\/tr><tr><td>Quel est le comble pour un policier ? De se faire arr\u00eater.<\/td><\/tr><tr><td>Qu&rsquo;est-ce qui est rouge et qui se prom\u00e8ne sur la plage ? Un crabe timide.<\/td><\/tr><tr><td>Quel est le comble pour un acteur ? De rater son entr\u00e9e.<\/td><\/tr><tr><td>Qu&rsquo;est-ce qui est jaune et qui se cache sous le lit ? Un citron qui a peur du noir.<\/td><\/tr><tr><td>Quel est le comble pour un chanteur ? De perdre sa voix.<\/td><\/tr><tr><td>Qu&rsquo;est-ce qui est vert et qui se prom\u00e8ne dans le jardin ? Un escargot press\u00e9.<\/td><\/tr><tr><td>Quel est le comble pour un danseur ? De se casser la jambe.<\/td><\/tr><tr><td>Qu&rsquo;est-ce qui est rouge et qui se prom\u00e8ne dans le ciel ? Un avion en papier qui a pris feu.<\/td><\/tr><tr><td>Quel est le comble pour un \u00e9crivain ? D&rsquo;avoir une panne d&rsquo;inspiration.<\/td><\/tr><tr><td>Qu&rsquo;est-ce qui est jaune et qui se prom\u00e8ne dans l&rsquo;espace ? Un citron astronaute.<\/td><\/tr><tr><td>Quel est le comble pour un peintre ? De ne pas avoir de couleurs.<\/td><\/tr><tr><td>Qu&rsquo;est-ce qui est vert et qui se prom\u00e8ne dans la montagne ? Un sapin qui fait de la randonn\u00e9e.<\/td><\/tr><tr><td>Quel est le comble pour un sculpteur ? De ne pas avoir de marbre.<\/td><\/tr><tr><td>Qu&rsquo;est-ce qui est rouge et qui se prom\u00e8ne dans la mer ? Un poisson rouge qui s&rsquo;est \u00e9chapp\u00e9 de son bocal.<\/td><\/tr><tr><td>Quel est le comble pour un photographe ? De rater sa photo.<\/td><\/tr><tr><td>Qu&rsquo;est-ce qui est jaune et qui se prom\u00e8ne dans le d\u00e9sert ? Un citron qui cherche de l&rsquo;eau.<\/td><\/tr><tr><td>Quel est le comble pour un architecte ? De ne pas avoir de toit.<\/td><\/tr><tr><td>Qu&rsquo;est-ce qui est vert et qui se prom\u00e8ne dans la ville ? Un arbre qui fait du tourisme.<\/td><\/tr><tr><td>Quel est le comble pour un avocat ? De perdre son proc\u00e8s.<\/td><\/tr><tr><td>Qu&rsquo;est-ce qui est rouge et qui se prom\u00e8ne dans la jungle ? Un singe qui a mang\u00e9 une fraise.<\/td><\/tr><tr><td>Quel est le comble pour un juge ? De se faire condamner.<\/td><\/tr><tr><td>Qu&rsquo;est-ce qui est jaune et qui se prom\u00e8ne dans le ciel ? Un soleil qui a rendez-vous avec la lune.<\/td><\/tr><tr><td>Quel est le comble pour un informaticien ? D&rsquo;avoir un virus.<\/td><\/tr><tr><td>Qu&rsquo;est-ce qui est vert et qui se prom\u00e8ne dans le potager ? Un concombre qui cherche ses amis.<\/td><\/tr><tr><td>Quel est le comble pour un banquier ? De ne pas avoir d&rsquo;argent.<\/td><\/tr><tr><td>Qu&rsquo;est-ce qui est rouge et qui se prom\u00e8ne dans le jardin ? Une coccinelle qui cherche sa maison.<\/td><\/tr><tr><td>Quel est le comble pour un biblioth\u00e9caire ? De perdre ses livres.<\/td><\/tr><tr><td>Qu&rsquo;est-ce qui est jaune et qui se prom\u00e8ne dans la savane ? Un lion qui a mang\u00e9 un ananas.<\/td><\/tr><tr><td>Quel est le comble pour un professeur de sport ? De se casser la jambe.<\/td><\/tr><tr><td>Qu&rsquo;est-ce qui est vert et qui se prom\u00e8ne dans le parc ? Un \u00e9cureuil qui cherche des noisettes.<\/td><\/tr><tr><td>Quel est le comble pour un fleuriste ? De ne pas avoir de fleurs.<\/td><\/tr><tr><td>Qu&rsquo;est-ce qui est rouge et qui se prom\u00e8ne dans la rue ? Une voiture de pompier qui a perdu son chemin.<\/td><\/tr><tr><td>Quel est le comble pour un coiffeur ? De se faire couper les cheveux.<\/td><\/tr><tr><td>Qu&rsquo;est-ce qui est jaune et qui se prom\u00e8ne dans le champ ? Un poussin qui cherche sa maman.<\/td><\/tr><tr><td>Quel est le comble pour un boulanger ? De se faire manger son pain.<\/td><\/tr><tr><td>Qu&rsquo;est-ce qui est vert et qui se prom\u00e8ne dans la rivi\u00e8re ? Un poisson qui fait du jogging.<\/td><\/tr><tr><td>Quel est le comble pour un astronaute ? De tomber sur la lune.<\/td><\/tr><tr><td>Qu&rsquo;est-ce qui est rouge et qui se prom\u00e8ne dans le ciel ? Un ballon qui a peur de tomber.<\/td><\/tr><tr><td>Quel est le comble pour un magicien ? De ne pas savoir faire de magie.<\/td><\/tr><tr><td>Qu&rsquo;est-ce qui est jaune et qui se prom\u00e8ne dans la nuit ? Une luciole qui a perdu sa lumi\u00e8re.<\/td><\/tr><tr><td>Quel est le comble pour un chanteur ? De chanter faux.<\/td><\/tr><tr><td>Qu&rsquo;est-ce qui est vert et qui se prom\u00e8ne dans le d\u00e9sert ? Un cactus qui cherche de l&rsquo;ombre.<\/td><\/tr><tr><td>Quel est le comble pour un danseur ? De ne pas savoir danser.<\/td><\/tr><tr><td>Qu&rsquo;est-ce qui est rouge et qui se prom\u00e8ne dans la neige ? Un P\u00e8re No\u00ebl qui a perdu son traineau.<\/td><\/tr><tr><td>Quel est le comble pour un \u00e9crivain ? De ne pas savoir \u00e9crire.<\/td><\/tr><tr><td>Qu&rsquo;est-ce qui est jaune et qui se prom\u00e8ne dans la mer ? Un sous-marin citron.<\/td><\/tr><tr><td>Quel est le comble pour un peintre ? De peindre des murs blancs.<\/td><\/tr><tr><td>Qu&rsquo;est-ce qui est vert et qui se prom\u00e8ne dans le ciel ? Un nuage qui a mang\u00e9 trop de brocolis.<\/td><\/tr><tr><td>Quel est le comble pour un sculpteur ? De sculpter des nuages.<\/td><\/tr><\/tbody><\/table><\/figure>\n\n\n\n<p><\/p>\n","protected":false},"excerpt":{"rendered":"<p>Qu&rsquo;est-ce qui est jaune et qui attend ? Jonathan. Pourquoi les plongeurs plongent-ils toujours en arri\u00e8re et jamais en avant ? Parce que sinon ils tomberaient dans le bateau. Quelle est la diff\u00e9rence entre un jardinier et un magicien ? Le magicien tire un lapin de son chapeau, le jardinier sort un navet de son [&hellip;]<\/p>\n","protected":false},"author":1,"featured_media":0,"parent":0,"menu_order":0,"comment_status":"closed","ping_status":"closed","template":"","meta":{"footnotes":""},"class_list":["post-54","page","type-page","status-publish","hentry"],"_links":{"self":[{"href":"https:\/\/getbacktoyourself.com\/index.php\/wp-json\/wp\/v2\/pages\/54","targetHints":{"allow":["GET"]}}],"collection":[{"href":"https:\/\/getbacktoyourself.com\/index.php\/wp-json\/wp\/v2\/pages"}],"about":[{"href":"https:\/\/getbacktoyourself.com\/index.php\/wp-json\/wp\/v2\/types\/page"}],"author":[{"embeddable":true,"href":"https:\/\/getbacktoyourself.com\/index.php\/wp-json\/wp\/v2\/users\/1"}],"replies":[{"embeddable":true,"href":"https:\/\/getbacktoyourself.com\/index.php\/wp-json\/wp\/v2\/comments?post=54"}],"version-history":[{"count":3,"href":"https:\/\/getbacktoyourself.com\/index.php\/wp-json\/wp\/v2\/pages\/54\/revisions"}],"predecessor-version":[{"id":58,"href":"https:\/\/getbacktoyourself.com\/index.php\/wp-json\/wp\/v2\/pages\/54\/revisions\/58"}],"wp:attachment":[{"href":"https:\/\/getbacktoyourself.com\/index.php\/wp-json\/wp\/v2\/media?parent=54"}],"curies":[{"name":"wp","href":"https:\/\/api.w.org\/{rel}","templated":true}]}}